{"id":2777,"date":"2025-08-07T10:47:17","date_gmt":"2025-08-07T08:47:17","guid":{"rendered":"https:\/\/asedef.com\/?page_id=2777"},"modified":"2025-08-07T10:47:17","modified_gmt":"2025-08-07T08:47:17","slug":"maman-sophie-ngalula-mukuna","status":"publish","type":"page","link":"https:\/\/asedef.com\/index.php\/maman-sophie-ngalula-mukuna\/","title":{"rendered":"Maman Sophie Ngalula Mukuna"},"content":{"rendered":"<div class=\"wpb-content-wrapper\"><p>[vc_row][vc_column][vc_column_text css=\u00a0\u00bb\u00a0\u00bb]<\/p>\n<p data-start=\"237\" data-end=\"291\"><span style=\"color: #000000;\"><strong data-start=\"237\" data-end=\"291\"><img loading=\"lazy\" decoding=\"async\" class=\"size-medium wp-image-2767 alignright\" src=\"https:\/\/asedef.com\/wp-content\/uploads\/2025\/08\/WhatsApp-Image-2022-01-26-at-11.47.25-283x300.png\" alt=\"\" width=\"283\" height=\"300\" srcset=\"https:\/\/asedef.com\/wp-content\/uploads\/2025\/08\/WhatsApp-Image-2022-01-26-at-11.47.25-283x300.png 283w, https:\/\/asedef.com\/wp-content\/uploads\/2025\/08\/WhatsApp-Image-2022-01-26-at-11.47.25.png 588w\" sizes=\"auto, (max-width: 283px) 100vw, 283px\" \/>Fondatrice et Repr\u00e9sentante L\u00e9gale de l\u2019ONG ASEDEF<\/strong><\/span><\/p>\n<h3 data-start=\"293\" data-end=\"371\"><span style=\"color: #000000;\">\ud83d\udcac <em data-start=\"300\" data-end=\"371\">\u00ab\u00a0L\u2019amour vrai commence l\u00e0 o\u00f9 l\u2019on tend la main \u00e0 celui qui n\u2019a rien.\u00a0\u00bb<\/em><\/span><\/h3>\n<hr data-start=\"373\" data-end=\"376\" \/>\n<h3 data-start=\"378\" data-end=\"433\"><span style=\"color: #000000;\">\ud83c\udf93 <strong data-start=\"385\" data-end=\"433\">Une femme de vision, d&rsquo;engagement et de c\u0153ur<\/strong><\/span><\/h3>\n<p data-start=\"435\" data-end=\"879\"><span style=\"color: #000000;\">Maman <strong data-start=\"441\" data-end=\"466\">Sophie Ngalula Mukuna<\/strong> est une <strong data-start=\"475\" data-end=\"511\">militante humanitaire congolaise<\/strong>, profond\u00e9ment engag\u00e9e dans la <strong data-start=\"542\" data-end=\"616\">d\u00e9fense des droits des enfants vuln\u00e9rables et des femmes marginalis\u00e9es<\/strong>. Elle fonde en mars 2000 l\u2019<strong data-start=\"644\" data-end=\"741\">Association pour le Soutien et l\u2019Encadrement de la Dignit\u00e9 des Enfants et des Femmes (ASEDEF)<\/strong>, avec pour mission de tendre la main \u00e0 ceux que la soci\u00e9t\u00e9 oublie : <strong data-start=\"810\" data-end=\"878\">enfants de la rue, orphelins, filles m\u00e8res et veuves abandonn\u00e9es<\/strong>.<\/span><\/p>\n<hr data-start=\"881\" data-end=\"884\" \/>\n<h3 data-start=\"886\" data-end=\"929\"><span style=\"color: #000000;\">\ud83d\udee0\ufe0f <strong data-start=\"894\" data-end=\"929\">Plus de 20 ans de combat social<\/strong><\/span><\/h3>\n<p data-start=\"931\" data-end=\"960\"><span style=\"color: #000000;\">Son parcours est marqu\u00e9 par :<\/span><\/p>\n<ul data-start=\"961\" data-end=\"1169\">\n<li data-start=\"961\" data-end=\"1012\">\n<p data-start=\"963\" data-end=\"1012\"><span style=\"color: #000000;\">Une <strong data-start=\"967\" data-end=\"1011\">foi in\u00e9branlable dans la dignit\u00e9 humaine<\/strong>,<\/span><\/p>\n<\/li>\n<li data-start=\"1013\" data-end=\"1064\">\n<p data-start=\"1015\" data-end=\"1064\"><span style=\"color: #000000;\">Une capacit\u00e9 \u00e0 mobiliser autour de causes justes,<\/span><\/p>\n<\/li>\n<li data-start=\"1065\" data-end=\"1169\">\n<p data-start=\"1067\" data-end=\"1169\"><span style=\"color: #000000;\">Une volont\u00e9 d&rsquo;autonomiser les femmes par <strong data-start=\"1108\" data-end=\"1140\">la formation professionnelle<\/strong> et <strong data-start=\"1144\" data-end=\"1168\">l&rsquo;encadrement social<\/strong>.<\/span><\/p>\n<\/li>\n<\/ul>\n<p data-start=\"1171\" data-end=\"1401\"><span style=\"color: #000000;\">Sous sa direction, ASEDEF est devenue une <strong data-start=\"1213\" data-end=\"1254\">structure reconnue d\u2019utilit\u00e9 publique<\/strong>, soutenant des centaines de b\u00e9n\u00e9ficiaires \u00e0 travers des programmes de <strong data-start=\"1325\" data-end=\"1400\">scolarisation, de formation, de r\u00e9insertion et de soutien psychologique<\/strong>.<\/span><\/p>\n<hr data-start=\"1403\" data-end=\"1406\" \/>\n<h3 data-start=\"1408\" data-end=\"1458\"><span style=\"color: #000000;\">\ud83e\uddd5 <strong data-start=\"1415\" data-end=\"1458\">Leadership f\u00e9minin et maternit\u00e9 sociale<\/strong><\/span><\/h3>\n<p data-start=\"1460\" data-end=\"1717\"><span style=\"color: #000000;\">Souvent appel\u00e9e affectueusement <strong data-start=\"1492\" data-end=\"1510\">\u00ab\u00a0Maman Sophie\u00a0\u00bb<\/strong>, elle incarne <strong data-start=\"1525\" data-end=\"1594\">la figure maternelle d\u2019une g\u00e9n\u00e9ration de jeunes en qu\u00eate d\u2019espoir<\/strong>. Son action s\u2019\u00e9tend bien au-del\u00e0 du simple encadrement : elle inspire, rel\u00e8ve, et b\u00e2tit des ponts vers un avenir meilleur.<\/span><\/p>\n<hr data-start=\"1719\" data-end=\"1722\" \/>\n<h3 data-start=\"1724\" data-end=\"1747\"><span style=\"color: #000000;\">\ud83d\udd4a\ufe0f <strong data-start=\"1732\" data-end=\"1747\">Ses valeurs<\/strong><\/span><\/h3>\n<ul data-start=\"1749\" data-end=\"1868\">\n<li data-start=\"1749\" data-end=\"1765\">\n<p data-start=\"1751\" data-end=\"1765\"><span style=\"color: #000000;\"><strong data-start=\"1751\" data-end=\"1765\">Compassion<\/strong><\/span><\/p>\n<\/li>\n<li data-start=\"1766\" data-end=\"1787\">\n<p data-start=\"1768\" data-end=\"1787\"><span style=\"color: #000000;\"><strong data-start=\"1768\" data-end=\"1787\">Justice sociale<\/strong><\/span><\/p>\n<\/li>\n<li data-start=\"1788\" data-end=\"1809\">\n<p data-start=\"1790\" data-end=\"1809\"><span style=\"color: #000000;\"><strong data-start=\"1790\" data-end=\"1809\">Dignit\u00e9 humaine<\/strong><\/span><\/p>\n<\/li>\n<li data-start=\"1810\" data-end=\"1835\">\n<p data-start=\"1812\" data-end=\"1835\"><span style=\"color: #000000;\"><strong data-start=\"1812\" data-end=\"1835\">\u00c9ducation pour tous<\/strong><\/span><\/p>\n<\/li>\n<li data-start=\"1836\" data-end=\"1868\">\n<p data-start=\"1838\" data-end=\"1868\"><span style=\"color: #000000;\"><strong data-start=\"1838\" data-end=\"1868\">Action concr\u00e8te et durable<\/strong><\/span><\/p>\n<\/li>\n<\/ul>\n<hr data-start=\"1870\" data-end=\"1873\" \/>\n<h3 data-start=\"1875\" data-end=\"1910\"><span style=\"color: #000000;\">\ud83c\udfc5 <strong data-start=\"1882\" data-end=\"1910\">Une source d\u2019inspiration<\/strong><\/span><\/h3>\n<p data-start=\"1912\" data-end=\"2223\"><span style=\"color: #000000;\">Le parcours de Maman Sophie Ngalula Mukuna force le respect et l\u2019admiration. Elle est aujourd\u2019hui <strong data-start=\"2010\" data-end=\"2037\">une figure de r\u00e9f\u00e9rence<\/strong> dans la lutte pour la protection des plus vuln\u00e9rables en R\u00e9publique D\u00e9mocratique du Congo. \u00c0 travers ASEDEF, elle continue de <strong data-start=\"2164\" data-end=\"2195\">b\u00e2tir une g\u00e9n\u00e9ration debout<\/strong>, instruite, libre et digne.<\/span><\/p>\n<p>[\/vc_column_text][\/vc_column][\/vc_row]<\/p>\n<\/div>","protected":false},"excerpt":{"rendered":"[vc_row][vc_column][vc_column_text css=\u00a0\u00bb\u00a0\u00bb] Fondatrice et Repr\u00e9sentante L\u00e9gale de l\u2019ONG ASEDEF \ud83d\udcac \u00ab\u00a0L\u2019amour vrai commence l\u00e0 o\u00f9 l\u2019on tend la main \u00e0 celui qui n\u2019a rien.\u00a0\u00bb \ud83c\udf93 Une femme de vision, d&rsquo;engagement &#8230;","protected":false},"author":1,"featured_media":0,"parent":0,"menu_order":0,"comment_status":"closed","ping_status":"closed","template":"","meta":{"give_campaign_id":0,"footnotes":""},"class_list":["post-2777","page","type-page","status-publish","hentry"],"campaignId":"","_links":{"self":[{"href":"https:\/\/asedef.com\/index.php\/wp-json\/wp\/v2\/pages\/2777","targetHints":{"allow":["GET"]}}],"collection":[{"href":"https:\/\/asedef.com\/index.php\/wp-json\/wp\/v2\/pages"}],"about":[{"href":"https:\/\/asedef.com\/index.php\/wp-json\/wp\/v2\/types\/page"}],"author":[{"embeddable":true,"href":"https:\/\/asedef.com\/index.php\/wp-json\/wp\/v2\/users\/1"}],"replies":[{"embeddable":true,"href":"https:\/\/asedef.com\/index.php\/wp-json\/wp\/v2\/comments?post=2777"}],"version-history":[{"count":2,"href":"https:\/\/asedef.com\/index.php\/wp-json\/wp\/v2\/pages\/2777\/revisions"}],"predecessor-version":[{"id":2787,"href":"https:\/\/asedef.com\/index.php\/wp-json\/wp\/v2\/pages\/2777\/revisions\/2787"}],"wp:attachment":[{"href":"https:\/\/asedef.com\/index.php\/wp-json\/wp\/v2\/media?parent=2777"}],"curies":[{"name":"wp","href":"https:\/\/api.w.org\/{rel}","templated":true}]}}